{"id":231227,"date":"2023-12-12T01:03:49","date_gmt":"2023-12-12T05:03:49","guid":{"rendered":"https:\/\/tficlub.ca\/contact\/"},"modified":"2024-07-26T17:32:18","modified_gmt":"2024-07-26T21:32:18","slug":"contact","status":"publish","type":"page","link":"https:\/\/tficlub.ca\/fr\/contact\/","title":{"rendered":"Contact"},"content":{"rendered":"<p>[et_pb_section fb_built=\u00a0\u00bb1&Prime; custom_padding_last_edited=\u00a0\u00bbon|desktop\u00a0\u00bb module_id=\u00a0\u00bbregister\u00a0\u00bb _builder_version=\u00a0\u00bb4.22.2&Prime; _module_preset=\u00a0\u00bbdefault\u00a0\u00bb background_color=\u00a0\u00bb#e8c463&Prime; use_background_color_gradient=\u00a0\u00bbon\u00a0\u00bb background_color_gradient_stops=\u00a0\u00bbrgba(0,0,0,0.97) 0%|#e8c463 100%\u00a0\u00bb background_color_gradient_overlays_image=\u00a0\u00bbon\u00a0\u00bb background_image=\u00a0\u00bbhttps:\/\/tficlub.ca\/wp-content\/uploads\/2023\/11\/DALL\u00b7E-2023-11-24-16.35.00-A-modern-and-realistic-image-representing-financial-education-with-an-open-book-using-the-specific-gold-color-code-e8c463.-The-books-pages-are-ador.png\u00a0\u00bb background_position=\u00a0\u00bbtop_right\u00a0\u00bb background_horizontal_offset=\u00a0\u00bb5%\u00a0\u00bb overflow-x=\u00a0\u00bbhidden\u00a0\u00bb overflow-y=\u00a0\u00bbhidden\u00a0\u00bb custom_margin=\u00a0\u00bb0px||0px||false|false\u00a0\u00bb custom_padding=\u00a0\u00bb66px||66px||true|false\u00a0\u00bb custom_padding_tablet=\u00a0\u00bb35px||35px||true|false\u00a0\u00bb custom_padding_phone=\u00a0\u00bb0px||0px||true|false\u00a0\u00bb background_last_edited=\u00a0\u00bbon|phone\u00a0\u00bb use_background_color_gradient_tablet=\u00a0\u00bbon\u00a0\u00bb use_background_color_gradient_phone=\u00a0\u00bbon\u00a0\u00bb background_color_gradient_direction_tablet=\u00a0\u00bb139deg\u00a0\u00bb background_color_gradient_direction_phone=\u00a0\u00bb148deg\u00a0\u00bb background_color_gradient_stops_tablet=\u00a0\u00bbrgba(0,0,0,0.97) 0%|rgba(0,0,0,0.8) 100%\u00a0\u00bb background_color_gradient_stops_phone=\u00a0\u00bbrgba(0,0,0,0.97) 0%|rgba(0,0,0,0.83) 100%\u00a0\u00bb background_enable_image_tablet=\u00a0\u00bboff\u00a0\u00bb background_enable_image_phone=\u00a0\u00bboff\u00a0\u00bb background_size_phone=\u00a0\u00bbcontain\u00a0\u00bb background_image_width_phone=\u00a0\u00bb100%\u00a0\u00bb background_position_phone=\u00a0\u00bbtop_center\u00a0\u00bb global_colors_info=\u00a0\u00bb{}\u00a0\u00bb][et_pb_row column_structure=\u00a0\u00bb3_5,2_5&Prime; _builder_version=\u00a0\u00bb4.22.2&Prime; _module_preset=\u00a0\u00bbdefault\u00a0\u00bb custom_margin=\u00a0\u00bb0px||0px||false|false\u00a0\u00bb custom_padding=\u00a0\u00bb11px||0px||false|false\u00a0\u00bb animation_direction=\u00a0\u00bbbottom\u00a0\u00bb global_colors_info=\u00a0\u00bb{}\u00a0\u00bb max_width__hover_enabled=\u00a0\u00bbon|desktop\u00a0\u00bb][et_pb_column type=\u00a0\u00bb3_5&Prime; _builder_version=\u00a0\u00bb4.19.4&Prime; _module_preset=\u00a0\u00bbdefault\u00a0\u00bb global_colors_info=\u00a0\u00bb{}\u00a0\u00bb][et_pb_wpt_gravityform gravityform_id=\u00a0\u00bbgf-5&Prime; asterisk_color=\u00a0\u00bb#e8c463&Prime; checkbox_change_size=\u00a0\u00bbon\u00a0\u00bb checkbox_size=\u00a0\u00bb15px\u00a0\u00bb _builder_version=\u00a0\u00bb4.22.2&Prime; _module_preset=\u00a0\u00bbdefault\u00a0\u00bb title_font=\u00a0\u00bbDM Sans|700|||||||\u00a0\u00bb title_text_align=\u00a0\u00bbcenter\u00a0\u00bb title_text_color=\u00a0\u00bb#e8c463&Prime; title_font_size=\u00a0\u00bb23px\u00a0\u00bb label_font=\u00a0\u00bbMulish|700|||||||\u00a0\u00bb label_text_color=\u00a0\u00bb#a0a0a0&Prime; label_font_size=\u00a0\u00bb17px\u00a0\u00bb sub_label_text_color=\u00a0\u00bb#a0a0a0&Prime; checkbox_radio_field_font=\u00a0\u00bbMulish||||||||\u00a0\u00bb checkbox_radio_field_text_color=\u00a0\u00bb#a0a0a0&Prime; checkbox_radio_field_font_size=\u00a0\u00bb15px\u00a0\u00bb checkbox_radio_field_line_height=\u00a0\u00bb0.8em\u00a0\u00bb consent_checkbox_font=\u00a0\u00bb|600|||||||\u00a0\u00bb consent_checkbox_text_color=\u00a0\u00bb#a0a0a0&Prime; consent_checkbox_font_size=\u00a0\u00bb17px\u00a0\u00bb consent_description_font=\u00a0\u00bbMulish||||||||\u00a0\u00bb consent_description_text_color=\u00a0\u00bb#a0a0a0&Prime; consent_description_font_size=\u00a0\u00bb17px\u00a0\u00bb consent_description_line_height=\u00a0\u00bb0.3em\u00a0\u00bb background_color=\u00a0\u00bb#161616&Prime; custom_form_button=\u00a0\u00bbon\u00a0\u00bb form_button_text_size=\u00a0\u00bb17px\u00a0\u00bb form_button_text_color=\u00a0\u00bb#e8c463&Prime; form_button_bg_color=\u00a0\u00bb#000000&Prime; form_button_border_width=\u00a0\u00bb0px\u00a0\u00bb form_button_font=\u00a0\u00bbDM Sans||||||||\u00a0\u00bb custom_padding=\u00a0\u00bb2vw|4vw|2vw|4vw|true|true\u00a0\u00bb custom_padding_tablet=\u00a0\u00bb5vw|5vw|5vw|5vw|true|true\u00a0\u00bb custom_padding_phone=\u00a0\u00bb8vw|6vw|8vw|6vw|true|true\u00a0\u00bb custom_padding_last_edited=\u00a0\u00bbon|desktop\u00a0\u00bb title_font_size_tablet=\u00a0\u00bb23px\u00a0\u00bb title_font_size_phone=\u00a0\u00bb20px\u00a0\u00bb title_font_size_last_edited=\u00a0\u00bbon|tablet\u00a0\u00bb checkbox_radio_field_font_size_tablet=\u00a0\u00bb17px\u00a0\u00bb checkbox_radio_field_font_size_phone=\u00a0\u00bb15px\u00a0\u00bb checkbox_radio_field_font_size_last_edited=\u00a0\u00bbon|phone\u00a0\u00bb consent_checkbox_text_color_last_edited=\u00a0\u00bboff|desktop\u00a0\u00bb border_radii=\u00a0\u00bbon|15px|15px|15px|15px\u00a0\u00bb border_width_all=\u00a0\u00bb1px\u00a0\u00bb box_shadow_style=\u00a0\u00bbpreset1&Prime; box_shadow_color=\u00a0\u00bb#000000&Prime; global_colors_info=\u00a0\u00bb{}\u00a0\u00bb button_text_size_tablet=\u00a0\u00bb18px\u00a0\u00bb button_text_size_phone=\u00a0\u00bb15px\u00a0\u00bb button_text_size_last_edited=\u00a0\u00bbon|desktop\u00a0\u00bb button_letter_spacing__hover=\u00a0\u00bb0px\u00a0\u00bb button_letter_spacing__hover_enabled=\u00a0\u00bbon|hover\u00a0\u00bb][\/et_pb_wpt_gravityform][\/et_pb_column][et_pb_column type=\u00a0\u00bb2_5&Prime; _builder_version=\u00a0\u00bb4.19.4&Prime; _module_preset=\u00a0\u00bbdefault\u00a0\u00bb global_colors_info=\u00a0\u00bb{}\u00a0\u00bb][et_pb_image src=\u00a0\u00bbhttps:\/\/tficlub.ca\/wp-content\/uploads\/2023\/10\/finance-8-ao-19.png\u00a0\u00bb _builder_version=\u00a0\u00bb4.22.2&Prime; _module_preset=\u00a0\u00bbdefault\u00a0\u00bb height=\u00a0\u00bb22px\u00a0\u00bb height_tablet=\u00a0\u00bb22px\u00a0\u00bb height_phone=\u00a0\u00bb15px\u00a0\u00bb height_last_edited=\u00a0\u00bbon|phone\u00a0\u00bb custom_margin=\u00a0\u00bb0px||21px||false|false\u00a0\u00bb custom_padding=\u00a0\u00bb0px||0px||false|false\u00a0\u00bb filter_hue_rotate=\u00a0\u00bb82deg\u00a0\u00bb filter_saturate=\u00a0\u00bb158%\u00a0\u00bb filter_brightness=\u00a0\u00bb116%\u00a0\u00bb filter_invert=\u00a0\u00bb100%\u00a0\u00bb filter_sepia=\u00a0\u00bb31%\u00a0\u00bb global_colors_info=\u00a0\u00bb{}\u00a0\u00bb][\/et_pb_image][et_pb_text _builder_version=\u00a0\u00bb4.22.2&Prime; _module_preset=\u00a0\u00bbdefault\u00a0\u00bb header_2_font=\u00a0\u00bbDM Sans||||||||\u00a0\u00bb header_2_text_align=\u00a0\u00bbleft\u00a0\u00bb header_2_text_color=\u00a0\u00bb#FFFFFF\u00a0\u00bb header_2_font_size=\u00a0\u00bb25px\u00a0\u00bb header_2_letter_spacing=\u00a0\u00bb-1px\u00a0\u00bb header_2_line_height=\u00a0\u00bb1.3em\u00a0\u00bb custom_margin=\u00a0\u00bb0px||0px||false|false\u00a0\u00bb custom_margin_tablet=\u00a0\u00bb0px|19px|45px||false|false\u00a0\u00bb custom_margin_phone=\u00a0\u00bb0px||29px||false|false\u00a0\u00bb custom_margin_last_edited=\u00a0\u00bbon|tablet\u00a0\u00bb custom_padding=\u00a0\u00bb0px|34px|18px|0px|false|false\u00a0\u00bb custom_padding_tablet=\u00a0\u00bb0px|0px|0px|0px|false|false\u00a0\u00bb custom_padding_phone=\u00a0\u00bb0px|0px|0px|0px|false|false\u00a0\u00bb custom_padding_last_edited=\u00a0\u00bbon|tablet\u00a0\u00bb header_2_font_size_tablet=\u00a0\u00bb23px\u00a0\u00bb header_2_font_size_phone=\u00a0\u00bb18px\u00a0\u00bb header_2_font_size_last_edited=\u00a0\u00bbon|desktop\u00a0\u00bb global_colors_info=\u00a0\u00bb{}\u00a0\u00bb]<\/p>\n<h2>Votre voyage vers l&rsquo;ind\u00e9pendance financi\u00e8re commence ici !<\/h2>\n<p>[\/et_pb_text][et_pb_blurb use_icon=\u00a0\u00bbon\u00a0\u00bb font_icon=\u00a0\u00bb&#xe00b;||divi||400&Prime; icon_color=\u00a0\u00bb#a0a0a0&Prime; icon_placement=\u00a0\u00bbleft\u00a0\u00bb image_icon_width=\u00a0\u00bb33px\u00a0\u00bb image_icon_width_phone=\u00a0\u00bb20px\u00a0\u00bb image_icon_width_last_edited=\u00a0\u00bboff|desktop\u00a0\u00bb _builder_version=\u00a0\u00bb4.22.2&Prime; _module_preset=\u00a0\u00bbdefault\u00a0\u00bb body_font=\u00a0\u00bbMulish||||||||\u00a0\u00bb body_text_color=\u00a0\u00bb#FFFFFF\u00a0\u00bb body_font_size=\u00a0\u00bb24px\u00a0\u00bb body_line_height=\u00a0\u00bb1.3em\u00a0\u00bb body_link_font=\u00a0\u00bbMulish|300|||||||\u00a0\u00bb body_link_text_color=\u00a0\u00bb#FFFFFF\u00a0\u00bb custom_margin=\u00a0\u00bb1vw||1vw||true|false\u00a0\u00bb custom_margin_tablet=\u00a0\u00bb2vw||2vw||true|false\u00a0\u00bb custom_margin_phone=\u00a0\u00bb6vw||6vw||true|false\u00a0\u00bb custom_margin_last_edited=\u00a0\u00bbon|phone\u00a0\u00bb global_colors_info=\u00a0\u00bb{}\u00a0\u00bb]<\/p>\n<div class=\"top_panel_top_contact_area icon-12 contact_phone\"><a href=\"tel:15149696275\">(514) 969-6275<\/a><\/div>\n<p>[\/et_pb_blurb][et_pb_blurb use_icon=\u00a0\u00bbon\u00a0\u00bb font_icon=\u00a0\u00bb&#xf086;||fa||400&Prime; icon_color=\u00a0\u00bb#a0a0a0&Prime; icon_placement=\u00a0\u00bbleft\u00a0\u00bb image_icon_width=\u00a0\u00bb33px\u00a0\u00bb _builder_version=\u00a0\u00bb4.22.2&Prime; _module_preset=\u00a0\u00bbdefault\u00a0\u00bb body_font=\u00a0\u00bbMulish||||||||\u00a0\u00bb body_text_color=\u00a0\u00bb#FFFFFF\u00a0\u00bb body_font_size=\u00a0\u00bb24px\u00a0\u00bb body_line_height=\u00a0\u00bb1.3em\u00a0\u00bb body_link_font=\u00a0\u00bbMulish|300|||||||\u00a0\u00bb body_link_text_color=\u00a0\u00bb#FFFFFF\u00a0\u00bb custom_margin=\u00a0\u00bb1vw||1vw||true|false\u00a0\u00bb custom_margin_tablet=\u00a0\u00bb2vw||2vw||true|false\u00a0\u00bb custom_margin_phone=\u00a0\u00bb6vw||6vw||true|false\u00a0\u00bb custom_margin_last_edited=\u00a0\u00bbon|phone\u00a0\u00bb global_colors_info=\u00a0\u00bb{}\u00a0\u00bb]<\/p>\n<div class=\"top_panel_top_contact_area icon-12 contact_phone\"><a href=\"emailto:info@tficlub.ca\">info@tficlub.ca<\/a><\/div>\n<p>[\/et_pb_blurb][et_pb_blurb use_icon=\u00a0\u00bbon\u00a0\u00bb font_icon=\u00a0\u00bb&#xe081;||divi||400&Prime; icon_color=\u00a0\u00bb#a0a0a0&Prime; icon_placement=\u00a0\u00bbleft\u00a0\u00bb image_icon_width=\u00a0\u00bb33px\u00a0\u00bb _builder_version=\u00a0\u00bb4.25.1&Prime; _module_preset=\u00a0\u00bbdefault\u00a0\u00bb body_font=\u00a0\u00bbMulish||||||||\u00a0\u00bb body_text_color=\u00a0\u00bb#FFFFFF\u00a0\u00bb body_font_size=\u00a0\u00bb19px\u00a0\u00bb body_line_height=\u00a0\u00bb1.3em\u00a0\u00bb body_link_font=\u00a0\u00bbMulish|300|||||||\u00a0\u00bb body_link_text_color=\u00a0\u00bb#FFFFFF\u00a0\u00bb custom_margin=\u00a0\u00bb1vw||1vw||true|false\u00a0\u00bb custom_margin_tablet=\u00a0\u00bb2vw||2vw||true|false\u00a0\u00bb custom_margin_phone=\u00a0\u00bb6vw||6vw||true|false\u00a0\u00bb custom_margin_last_edited=\u00a0\u00bbon|phone\u00a0\u00bb hover_enabled=\u00a0\u00bb0&Prime; global_colors_info=\u00a0\u00bb{}\u00a0\u00bb sticky_enabled=\u00a0\u00bb0&Prime;]<\/p>\n<div class=\"top_panel_top_contact_area icon-12 contact_phone\">2572 Blvd Daniel-Johnson, 2eme \u00e9tage<br \/>Laval, Qu\u00e9bec, Canada, H7T 2R3<\/div>\n<p>[\/et_pb_blurb][et_pb_code _builder_version=\u00a0\u00bb4.22.2&Prime; _module_preset=\u00a0\u00bbdefault\u00a0\u00bb custom_margin=\u00a0\u00bb||52px|||\u00a0\u00bb filter_brightness=\u00a0\u00bb80%\u00a0\u00bb filter_contrast=\u00a0\u00bb146%\u00a0\u00bb filter_sepia=\u00a0\u00bb20%\u00a0\u00bb global_colors_info=\u00a0\u00bb{}\u00a0\u00bb]<iframe src=\"https:\/\/www.google.com\/maps\/embed?pb=!1m14!1m8!1m3!1d11172.544304709878!2d-73.7570631!3d45.5677021!3m2!1i1024!2i768!4f13.1!3m3!1m2!1s0x4cc919ce36b16197%3A0x804fdbf61fc07073!2sThe%20Financial%20Independence%20Club%20Inc.!5e0!3m2!1sen!2sca!4v1702357389601!5m2!1sen!2sca\" width=\"400\" height=\"300\" style=\"border:0;\" allowfullscreen=\"\" loading=\"lazy\" referrerpolicy=\"no-referrer-when-downgrade\"><\/iframe>[\/et_pb_code][\/et_pb_column][\/et_pb_row][\/et_pb_section]<\/p>\n","protected":false},"excerpt":{"rendered":"<p>Votre voyage vers l&rsquo;ind\u00e9pendance financi\u00e8re commence ici !(514) 969-6275info@tficlub.ca2572 Blvd Daniel-Johnson, 2eme \u00e9tageLaval, Qu\u00e9bec, Canada, H7T 2R3<\/p>\n","protected":false},"author":1,"featured_media":0,"parent":0,"menu_order":0,"comment_status":"closed","ping_status":"closed","template":"","meta":{"_et_pb_use_builder":"on","_et_pb_old_content":"","_et_gb_content_width":"","footnotes":""},"class_list":["post-231227","page","type-page","status-publish","hentry"],"jetpack_sharing_enabled":true,"_links":{"self":[{"href":"https:\/\/tficlub.ca\/fr\/wp-json\/wp\/v2\/pages\/231227","targetHints":{"allow":["GET"]}}],"collection":[{"href":"https:\/\/tficlub.ca\/fr\/wp-json\/wp\/v2\/pages"}],"about":[{"href":"https:\/\/tficlub.ca\/fr\/wp-json\/wp\/v2\/types\/page"}],"author":[{"embeddable":true,"href":"https:\/\/tficlub.ca\/fr\/wp-json\/wp\/v2\/users\/1"}],"replies":[{"embeddable":true,"href":"https:\/\/tficlub.ca\/fr\/wp-json\/wp\/v2\/comments?post=231227"}],"version-history":[{"count":7,"href":"https:\/\/tficlub.ca\/fr\/wp-json\/wp\/v2\/pages\/231227\/revisions"}],"predecessor-version":[{"id":231269,"href":"https:\/\/tficlub.ca\/fr\/wp-json\/wp\/v2\/pages\/231227\/revisions\/231269"}],"wp:attachment":[{"href":"https:\/\/tficlub.ca\/fr\/wp-json\/wp\/v2\/media?parent=231227"}],"curies":[{"name":"wp","href":"https:\/\/api.w.org\/{rel}","templated":true}]}}